{"id":806,"date":"2018-11-25T13:38:39","date_gmt":"2018-11-25T13:38:39","guid":{"rendered":"https:\/\/outofofficeglobetrotting.com\/?page_id=806"},"modified":"2025-04-16T00:15:53","modified_gmt":"2025-04-16T00:15:53","slug":"books","status":"publish","type":"page","link":"https:\/\/outofofficeglobetrotting.com\/fr\/books\/","title":{"rendered":"Meilleure p\u00e9riode pour voyager"},"content":{"rendered":"<div id=\"pl-806\"  class=\"panel-layout\" ><div id=\"pg-806-0\"  class=\"panel-grid panel-no-style\" ><div id=\"pgc-806-0-0\"  class=\"panel-grid-cell\" ><div id=\"panel-806-0-0-0\" class=\"so-panel widget widget_black-studio-tinymce widget_black_studio_tinymce panel-first-child panel-last-child\" data-index=\"0\" ><div class=\"panel-widget-style panel-widget-style-for-806-0-0-0\" ><div class=\"textwidget\"><p><span class=\"\" style=\"display:block;clear:both;height: 0px;padding-top: 800px;border-top-width:0px;border-bottom-width:0px;\"><\/span><\/p>\n<\/div><\/div><\/div><\/div><\/div><div id=\"pg-806-1\"  class=\"panel-grid panel-no-style\" ><div id=\"pgc-806-1-0\"  class=\"panel-grid-cell\" ><div id=\"panel-806-1-0-0\" class=\"so-panel widget widget_black-studio-tinymce widget_black_studio_tinymce panel-first-child panel-last-child\" data-index=\"1\" ><div class=\"textwidget\"><\/div><\/div><\/div><div id=\"pgc-806-1-1\"  class=\"panel-grid-cell\" ><div id=\"panel-806-1-1-0\" class=\"so-panel widget widget_black-studio-tinymce widget_black_studio_tinymce panel-first-child panel-last-child\" data-index=\"2\" ><div class=\"textwidget\"><\/div><\/div><\/div><div id=\"pgc-806-1-2\"  class=\"panel-grid-cell\" ><div id=\"panel-806-1-2-0\" class=\"so-panel widget widget_black-studio-tinymce widget_black_studio_tinymce panel-first-child panel-last-child\" data-index=\"3\" ><div class=\"textwidget\"><\/div><\/div><\/div><\/div><div id=\"pg-806-2\"  class=\"panel-grid panel-no-style\" ><div id=\"pgc-806-2-0\"  class=\"panel-grid-cell\" ><div id=\"panel-806-2-0-0\" class=\"so-panel widget widget_black-studio-tinymce widget_black_studio_tinymce panel-first-child panel-last-child\" data-index=\"4\" ><div class=\"textwidget\"><p><span style=\"font-family: terminal, monaco; font-size: 16px; color: #7a7a7a;\">Vos r\u00eaves de voyage ne doivent pas n\u00e9cessairement vous co\u00fbter cher ! Nous sommes tous pass\u00e9s par l\u00e0, d\u00e9sireux d'explorer des contr\u00e9es lointaines sans voir nos \u00e9conomies dispara\u00eetres. La bonne nouvelle, c'est qu'il n'est pas n\u00e9cessaire d'etre millionnaire pour faire de ces aventures une r\u00e9alit\u00e9.  Que vous souhaitiez visiter la tour Eiffel, une plage des Cara\u00efbes ou un march\u00e9 asiatique anim\u00e9, la ma\u00eetrise de l'art du voyage \u00e9conomique est votre billet d'or. Dans ce guide, nous vous d\u00e9voilons les secrets des meilleurs moments pour partir en jet-set sans vider votre portefeuille. Qu'il s'agisse d'\u00e9viter les foules ou de d\u00e9nicher les meilleures affaires, pr\u00e9parez-vous \u00e0 d\u00e9couvrir un tr\u00e9sor de sagesse qui vous permettra d'explorer le monde de mani\u00e8re plus astucieuse, plus sereine et, surtout, plus \u00e9conome. Plongeons dans l'aventure et faisons de vos r\u00eaves de voyage une r\u00e9alit\u00e9, sans le casse-t\u00eate financier !<\/span><\/p>\n<p><span style=\"font-family: terminal, monaco; font-size: 16px; color: #7a7a7a;\"><span class=\"\" style=\"display:block;clear:both;height: 0px;padding-top: 20px;border-top-width:0px;border-bottom-width:0px;\"><\/span><\/span><\/p>\n<p><span style=\"font-family: terminal, monaco; font-size: 16px; color: #7a7a7a;\"><strong>Le bon moment : Quand r\u00e9server son vol pour \u00e9conomiser au maximum<\/strong><\/span><\/p>\n<p><span style=\"font-family: terminal, monaco; font-size: 16px; color: #7a7a7a;\">For domestic adventures, snag those tickets 1 to 3 months in advance; it's like catching the perfect wave of affordability. Got your sights set on international escapades? Aim for 2 to 8 months ahead, unless your journey rubs shoulders with a popular holiday or peak travel time. This is when applications like <strong>Hopper<\/strong> <strong>or Skyscanner<\/strong> intervienent pour vous sauver la mise. Il vous suffit de saisir vos dates de voyage et votre destination, et vous pouvez dire adieu au jeu de devinette.<\/span><\/p>\n<\/div><\/div><\/div><\/div><\/div>","protected":false},"excerpt":{"rendered":"<p>Your travel dreams don&#8217;t have to break the bank! We&#8217;ve all been there \u2013 yearning to explore far-off lands without&hellip;<\/p>","protected":false},"author":1,"featured_media":0,"parent":0,"menu_order":0,"comment_status":"closed","ping_status":"closed","template":"","meta":{"nf_dc_page":"","om_disable_all_campaigns":false,"footnotes":""},"class_list":["post-806","page","type-page","status-publish","hentry"],"yoast_head":"<!-- This site is optimized with the Yoast SEO plugin v27.4 - https:\/\/yoast.com\/product\/yoast-seo-wordpress\/ -->\n<title>Best time to travel - Out of Office Globetrotting<\/title>\n<meta name=\"robots\" content=\"index, follow, max-snippet:-1, max-image-preview:large, max-video-preview:-1\" \/>\n<link rel=\"canonical\" href=\"https:\/\/outofofficeglobetrotting.com\/fr\/books\/\" \/>\n<meta property=\"og:locale\" content=\"fr_CA\" \/>\n<meta property=\"og:type\" content=\"article\" \/>\n<meta property=\"og:title\" content=\"Best time to travel - Out of Office Globetrotting\" \/>\n<meta property=\"og:description\" content=\"Your travel dreams don&#039;t have to break the bank! We&#039;ve all been there \u2013 yearning to explore far-off lands without&hellip;\" \/>\n<meta property=\"og:url\" content=\"https:\/\/outofofficeglobetrotting.com\/fr\/books\/\" \/>\n<meta property=\"og:site_name\" content=\"Out of Office Globetrotting\" \/>\n<meta property=\"article:publisher\" content=\"https:\/\/www.facebook.com\/profile.php?id=100047947646621\" \/>\n<meta property=\"article:modified_time\" content=\"2025-04-16T00:15:53+00:00\" \/>\n<meta name=\"twitter:card\" content=\"summary_large_image\" \/>\n<meta name=\"twitter:label1\" content=\"Estimation du temps de lecture\" \/>\n\t<meta name=\"twitter:data1\" content=\"1 minute\" \/>\n<script type=\"application\/ld+json\" class=\"yoast-schema-graph\">{\"@context\":\"https:\\\/\\\/schema.org\",\"@graph\":[{\"@type\":\"WebPage\",\"@id\":\"https:\\\/\\\/outofofficeglobetrotting.com\\\/books\\\/\",\"url\":\"https:\\\/\\\/outofofficeglobetrotting.com\\\/books\\\/\",\"name\":\"Best time to travel - Out of Office Globetrotting\",\"isPartOf\":{\"@id\":\"https:\\\/\\\/outofofficeglobetrotting.com\\\/en\\\/#website\"},\"datePublished\":\"2018-11-25T13:38:39+00:00\",\"dateModified\":\"2025-04-16T00:15:53+00:00\",\"breadcrumb\":{\"@id\":\"https:\\\/\\\/outofofficeglobetrotting.com\\\/books\\\/#breadcrumb\"},\"inLanguage\":\"fr-CA\",\"potentialAction\":[{\"@type\":\"ReadAction\",\"target\":[\"https:\\\/\\\/outofofficeglobetrotting.com\\\/books\\\/\"]}]},{\"@type\":\"BreadcrumbList\",\"@id\":\"https:\\\/\\\/outofofficeglobetrotting.com\\\/books\\\/#breadcrumb\",\"itemListElement\":[{\"@type\":\"ListItem\",\"position\":1,\"name\":\"Home\",\"item\":\"https:\\\/\\\/outofofficeglobetrotting.com\\\/\"},{\"@type\":\"ListItem\",\"position\":2,\"name\":\"Best time to travel\"}]},{\"@type\":\"WebSite\",\"@id\":\"https:\\\/\\\/outofofficeglobetrotting.com\\\/en\\\/#website\",\"url\":\"https:\\\/\\\/outofofficeglobetrotting.com\\\/en\\\/\",\"name\":\"Out of Office Globetrotting\",\"description\":\"Life won&#039;t wait, work hard, travel harder!\",\"publisher\":{\"@id\":\"https:\\\/\\\/outofofficeglobetrotting.com\\\/en\\\/#organization\"},\"potentialAction\":[{\"@type\":\"SearchAction\",\"target\":{\"@type\":\"EntryPoint\",\"urlTemplate\":\"https:\\\/\\\/outofofficeglobetrotting.com\\\/en\\\/?s={search_term_string}\"},\"query-input\":{\"@type\":\"PropertyValueSpecification\",\"valueRequired\":true,\"valueName\":\"search_term_string\"}}],\"inLanguage\":\"fr-CA\"},{\"@type\":\"Organization\",\"@id\":\"https:\\\/\\\/outofofficeglobetrotting.com\\\/en\\\/#organization\",\"name\":\"Out of Office Globetrotting\",\"url\":\"https:\\\/\\\/outofofficeglobetrotting.com\\\/en\\\/\",\"logo\":{\"@type\":\"ImageObject\",\"inLanguage\":\"fr-CA\",\"@id\":\"https:\\\/\\\/outofofficeglobetrotting.com\\\/en\\\/#\\\/schema\\\/logo\\\/image\\\/\",\"url\":\"https:\\\/\\\/outofofficeglobetrotting.com\\\/wp-content\\\/uploads\\\/2023\\\/08\\\/cropped-cropped-1.png\",\"contentUrl\":\"https:\\\/\\\/outofofficeglobetrotting.com\\\/wp-content\\\/uploads\\\/2023\\\/08\\\/cropped-cropped-1.png\",\"width\":512,\"height\":212,\"caption\":\"Out of Office Globetrotting\"},\"image\":{\"@id\":\"https:\\\/\\\/outofofficeglobetrotting.com\\\/en\\\/#\\\/schema\\\/logo\\\/image\\\/\"},\"sameAs\":[\"https:\\\/\\\/www.facebook.com\\\/profile.php?id=100047947646621\"]}]}<\/script>\n<!-- \/ Yoast SEO plugin. -->","yoast_head_json":{"title":"Best time to travel - Out of Office Globetrotting","robots":{"index":"index","follow":"follow","max-snippet":"max-snippet:-1","max-image-preview":"max-image-preview:large","max-video-preview":"max-video-preview:-1"},"canonical":"https:\/\/outofofficeglobetrotting.com\/fr\/books\/","og_locale":"fr_CA","og_type":"article","og_title":"Best time to travel - Out of Office Globetrotting","og_description":"Your travel dreams don't have to break the bank! We've all been there \u2013 yearning to explore far-off lands without&hellip;","og_url":"https:\/\/outofofficeglobetrotting.com\/fr\/books\/","og_site_name":"Out of Office Globetrotting","article_publisher":"https:\/\/www.facebook.com\/profile.php?id=100047947646621","article_modified_time":"2025-04-16T00:15:53+00:00","twitter_card":"summary_large_image","twitter_misc":{"Estimation du temps de lecture":"1 minute"},"schema":{"@context":"https:\/\/schema.org","@graph":[{"@type":"WebPage","@id":"https:\/\/outofofficeglobetrotting.com\/books\/","url":"https:\/\/outofofficeglobetrotting.com\/books\/","name":"Best time to travel - Out of Office Globetrotting","isPartOf":{"@id":"https:\/\/outofofficeglobetrotting.com\/en\/#website"},"datePublished":"2018-11-25T13:38:39+00:00","dateModified":"2025-04-16T00:15:53+00:00","breadcrumb":{"@id":"https:\/\/outofofficeglobetrotting.com\/books\/#breadcrumb"},"inLanguage":"fr-CA","potentialAction":[{"@type":"ReadAction","target":["https:\/\/outofofficeglobetrotting.com\/books\/"]}]},{"@type":"BreadcrumbList","@id":"https:\/\/outofofficeglobetrotting.com\/books\/#breadcrumb","itemListElement":[{"@type":"ListItem","position":1,"name":"Home","item":"https:\/\/outofofficeglobetrotting.com\/"},{"@type":"ListItem","position":2,"name":"Best time to travel"}]},{"@type":"WebSite","@id":"https:\/\/outofofficeglobetrotting.com\/en\/#website","url":"https:\/\/outofofficeglobetrotting.com\/en\/","name":"Le Globetrotter D\u00e9connect\u00e9","description":"La vie n'attend pas, travaillez fort, voyagez plus fort !","publisher":{"@id":"https:\/\/outofofficeglobetrotting.com\/en\/#organization"},"potentialAction":[{"@type":"SearchAction","target":{"@type":"EntryPoint","urlTemplate":"https:\/\/outofofficeglobetrotting.com\/en\/?s={search_term_string}"},"query-input":{"@type":"PropertyValueSpecification","valueRequired":true,"valueName":"search_term_string"}}],"inLanguage":"fr-CA"},{"@type":"Organization","@id":"https:\/\/outofofficeglobetrotting.com\/en\/#organization","name":"Le Globetrotter D\u00e9connect\u00e9","url":"https:\/\/outofofficeglobetrotting.com\/en\/","logo":{"@type":"ImageObject","inLanguage":"fr-CA","@id":"https:\/\/outofofficeglobetrotting.com\/en\/#\/schema\/logo\/image\/","url":"https:\/\/outofofficeglobetrotting.com\/wp-content\/uploads\/2023\/08\/cropped-cropped-1.png","contentUrl":"https:\/\/outofofficeglobetrotting.com\/wp-content\/uploads\/2023\/08\/cropped-cropped-1.png","width":512,"height":212,"caption":"Out of Office Globetrotting"},"image":{"@id":"https:\/\/outofofficeglobetrotting.com\/en\/#\/schema\/logo\/image\/"},"sameAs":["https:\/\/www.facebook.com\/profile.php?id=100047947646621"]}]}},"_links":{"self":[{"href":"https:\/\/outofofficeglobetrotting.com\/fr\/wp-json\/wp\/v2\/pages\/806","targetHints":{"allow":["GET"]}}],"collection":[{"href":"https:\/\/outofofficeglobetrotting.com\/fr\/wp-json\/wp\/v2\/pages"}],"about":[{"href":"https:\/\/outofofficeglobetrotting.com\/fr\/wp-json\/wp\/v2\/types\/page"}],"author":[{"embeddable":true,"href":"https:\/\/outofofficeglobetrotting.com\/fr\/wp-json\/wp\/v2\/users\/1"}],"replies":[{"embeddable":true,"href":"https:\/\/outofofficeglobetrotting.com\/fr\/wp-json\/wp\/v2\/comments?post=806"}],"version-history":[{"count":8,"href":"https:\/\/outofofficeglobetrotting.com\/fr\/wp-json\/wp\/v2\/pages\/806\/revisions"}],"predecessor-version":[{"id":1479,"href":"https:\/\/outofofficeglobetrotting.com\/fr\/wp-json\/wp\/v2\/pages\/806\/revisions\/1479"}],"wp:attachment":[{"href":"https:\/\/outofofficeglobetrotting.com\/fr\/wp-json\/wp\/v2\/media?parent=806"}],"curies":[{"name":"wp","href":"https:\/\/api.w.org\/{rel}","templated":true}]}}