{"id":292,"date":"2018-09-03T21:39:14","date_gmt":"2018-09-03T21:39:14","guid":{"rendered":"https:\/\/outofofficeglobetrotting.com\/?page_id=292"},"modified":"2025-04-16T00:14:51","modified_gmt":"2025-04-16T00:14:51","slug":"italy","status":"publish","type":"page","link":"https:\/\/outofofficeglobetrotting.com\/fr\/italy\/","title":{"rendered":"Italy&#8217;s Hidden Gems"},"content":{"rendered":"<div id=\"pl-292\"  class=\"panel-layout\" ><div id=\"pg-292-0\"  class=\"panel-grid panel-has-style\" ><div class=\"siteorigin-panels-stretch panel-row-style panel-row-style-for-292-0\" data-stretch-type=\"full-width-stretch\" ><div id=\"pgc-292-0-0\"  class=\"panel-grid-cell\" ><div id=\"panel-292-0-0-0\" class=\"so-panel widget widget_black-studio-tinymce widget_black_studio_tinymce panel-first-child panel-last-child\" data-index=\"0\" ><div class=\"panel-widget-style panel-widget-style-for-292-0-0-0\" ><div class=\"textwidget\"><p><span class=\"\" style=\"display:block;clear:both;height: 0px;padding-top: 800px;border-top-width:0px;border-bottom-width:0px;\"><\/span><\/p>\n<\/div><\/div><\/div><\/div><\/div><\/div><div id=\"pg-292-1\"  class=\"panel-grid panel-no-style\" ><div id=\"pgc-292-1-0\"  class=\"panel-grid-cell\" ><div id=\"panel-292-1-0-0\" class=\"so-panel widget widget_black-studio-tinymce widget_black_studio_tinymce panel-first-child panel-last-child\" data-index=\"1\" ><div class=\"textwidget\"><p><span style=\"font-family: terminal, monaco; font-size: 16px; color: #7a7a7a;\"><strong>D\u00e9voiler la splendeur : Explorer les Dolomites italiennes, un joyau cach\u00e9<\/strong><\/span><\/p>\n<p><span style=\"font-family: terminal, monaco; font-size: 16px; color: #7a7a7a;\">Welcome, fellow adventurers, to one of Italy's best-kept secrets: the breathtaking Dolomite mountain range. Tucked away in the northeastern corner of Italy, the Dolomites offer a paradise for outdoor enthusiasts, culture seekers, and anyone in search of natural beauty beyond compare.<\/span><\/p>\n<p><span style=\"font-family: terminal, monaco; font-size: 16px; color: #7a7a7a;\"><strong><span class=\"\" style=\"display:block;clear:both;height: 0px;padding-top: 20px;border-top-width:0px;border-bottom-width:0px;\"><\/span><\/strong><\/span><\/p>\n<p><span style=\"font-family: terminal, monaco; font-size: 16px; color: #7a7a7a;\"><strong>Une symphonie de sommets : Paysages majestueux<\/strong><\/span><\/p>\n<p><span style=\"font-family: terminal, monaco; font-size: 16px; color: #7a7a7a;\">Imaginez d'imposants pics rocheux peints en rose et en or, s'\u00e9levant de fa\u00e7on spectaculaire dans un ciel bleu limpide. Ce site class\u00e9 au patrimoine mondial de l'UNESCO est un terrain de jeu pour les randonneurs, les alpinistes et les skieurs. De l'embl\u00e9matique Tre Cime di Lavaredo aux pics spectaculaires du massif du Sella, chaque vue promet de vous couper le souffle.<\/span><\/p>\n<p><span style=\"font-family: terminal, monaco; font-size: 16px; color: #7a7a7a;\"><strong><span class=\"\" style=\"display:block;clear:both;height: 0px;padding-top: 20px;border-top-width:0px;border-bottom-width:0px;\"><\/span><\/strong><\/span><\/p>\n<p><span style=\"font-family: terminal, monaco; font-size: 16px; color: #7a7a7a;\"><strong>Une tapisserie de culture : Un patrimoine et des traditions riches<\/strong><\/span><\/p>\n<p><span style=\"font-family: terminal, monaco; font-size: 16px; color: #7a7a7a;\">Au-del\u00e0 des paysages grandioses, les Dolomites sont impr\u00e9gn\u00e9es d'histoire et de culture. Explorez de charmants villages alpins o\u00f9 le temps semble s'\u00eatre arr\u00eat\u00e9 et o\u00f9 les coutumes traditionnelles sont fi\u00e8rement pr\u00e9serv\u00e9es. Laissez-vous tenter par la cuisine copieuse de la r\u00e9gion, en savourant des sp\u00e9cialit\u00e9s locales comme la polenta, le speck savoureux et les vins exquis des vignobles voisins.<\/span><\/p>\n<p><span style=\"font-family: terminal, monaco; font-size: 16px; color: #7a7a7a;\"><strong><span class=\"\" style=\"display:block;clear:both;height: 0px;padding-top: 20px;border-top-width:0px;border-bottom-width:0px;\"><\/span><\/strong><\/span><\/p>\n<p><span style=\"font-family: terminal, monaco; font-size: 16px; color: #7a7a7a;\"><strong>An Adventurer's Paradise: Endless Possibilities<\/strong><\/span><\/p>\n<p><span style=\"font-family: terminal, monaco; font-size: 16px; color: #7a7a7a;\">Whether you're an adrenaline junkie or a leisurely explorer, the Dolomites offer activities for every taste. Strap on your hiking boots and embark on scenic trails that wind through lush meadows and rugged terrain. Test your mettle with rock climbing adventures that challenge even the most seasoned climbers. In the winter months, carve through fresh powder on world-class ski slopes, surrounded by panoramic views that seem straight out of a postcard.<\/span><\/p>\n<p><span style=\"font-family: terminal, monaco; font-size: 16px; color: #7a7a7a;\"><strong><span class=\"\" style=\"display:block;clear:both;height: 0px;padding-top: 20px;border-top-width:0px;border-bottom-width:0px;\"><\/span><\/strong><\/span><\/p>\n<p><span style=\"font-family: terminal, monaco; font-size: 16px; color: #7a7a7a;\"><strong>Les joyaux cach\u00e9s vous attendent : des exp\u00e9riences inoubliables<\/strong><\/span><\/p>\n<p><span style=\"font-family: terminal, monaco; font-size: 16px; color: #7a7a7a;\">Si les Dolomites ont gagn\u00e9 en notori\u00e9t\u00e9 ces derni\u00e8res ann\u00e9es, elles rec\u00e8lent encore d'innombrables joyaux cach\u00e9s qui ne demandent qu'\u00e0 \u00eatre d\u00e9couverts. Sortez des sentiers battus pour d\u00e9couvrir des vall\u00e9es isol\u00e9es, des lacs vierges et des ruines anciennes impr\u00e9gn\u00e9es de myst\u00e8re. Rencontrez des habitants d\u00e9sireux de partager leurs histoires et leurs traditions, afin de d\u00e9couvrir l'\u00e2me de cette r\u00e9gion enchanteresse.<\/span><\/p>\n<p><span style=\"font-family: terminal, monaco; font-size: 16px; color: #7a7a7a;\"><strong><span class=\"\" style=\"display:block;clear:both;height: 0px;padding-top: 20px;border-top-width:0px;border-bottom-width:0px;\"><\/span><\/strong><\/span><\/p>\n<p><span style=\"font-family: terminal, monaco; font-size: 16px; color: #7a7a7a;\"><strong>Planifiez votre aventure : Conseils pratiques<\/strong><\/span><\/p>\n<p><span style=\"font-family: terminal, monaco; font-size: 16px; color: #7a7a7a;\">Pr\u00eat \u00e0 partir \u00e0 l'aventure dans les Dolomites ? Voici quelques conseils pour vous aider \u00e0 maximiser votre voyage :<\/span><\/p>\n<p><span style=\"font-family: terminal, monaco; font-size: 16px; color: #7a7a7a;\">- <strong>Moment propice:<\/strong> Bien que les Dolomites soient magnifiques tout au long de l'ann\u00e9e, envisagez de les visiter pendant les saisons interm\u00e9diaires, au printemps et \u00e0 l'automne, pour \u00e9viter les foules et b\u00e9n\u00e9ficier d'un temps plus cl\u00e9ment.<\/span><br \/>\n<span style=\"font-family: terminal, monaco; font-size: 16px; color: #7a7a7a;\">- <strong>H\u00e9bergement :<\/strong> Vous avez le choix entre un grand nombre d'h\u00e9bergements, dont des refuges de montagne confortables, des pensions familiales et des complexes luxueux nich\u00e9s au milieu des sommets.<\/span><br \/>\n<span style=\"font-family: terminal, monaco; font-size: 16px; color: #7a7a7a;\">- <strong>Transport :<\/strong> La location d'une voiture permet d'explorer la r\u00e9gion \u00e0 son propre rythme, mais les transports publics, y compris les autobus et les trains, sont \u00e9galement disponibles.<\/span><br \/>\n<span style=\"font-family: terminal, monaco; font-size: 16px; color: #7a7a7a;\">- <strong>S\u00e9curit\u00e9 :<\/strong> Respectez toujours l'environnement naturel et les r\u00e9glementations locales lorsque vous explorez les Dolomites. Pr\u00e9parez-vous \u00e0 des conditions m\u00e9t\u00e9orologiques changeantes, en particulier en altitude.<\/span><\/p>\n<p><span style=\"font-family: terminal, monaco; font-size: 16px; color: #7a7a7a;\"><strong><span class=\"\" style=\"display:block;clear:both;height: 0px;padding-top: 20px;border-top-width:0px;border-bottom-width:0px;\"><\/span><\/strong><\/span><\/p>\n<p><span style=\"font-family: terminal, monaco; font-size: 16px; color: #7a7a7a;\"><strong>Embrassez l'aventure : Des souvenirs inoubliables vous attendent<\/strong><\/span><\/p>\n<p><span style=\"font-family: terminal, monaco; font-size: 16px; color: #7a7a7a;\">Dans un monde rempli de destinations de voyage renomm\u00e9es, les Dolomites italiennes se distinguent comme un joyau cach\u00e9 qui ne demande qu'\u00e0 \u00eatre d\u00e9couvert. Que vous recherchiez des escapades pleines d'adr\u00e9naline ou des moments de r\u00e9flexion paisibles, cette r\u00e9gion enchanteresse offre une exp\u00e9rience sans pareille. Alors, faites vos valises, lacez vos bottes et pr\u00e9parez-vous \u00e0 embarquer pour un voyage inoubliable au c\u0153ur des Dolomites. Buon viaggio ! (Bon voyage !)<\/span><\/p>\n<\/div><\/div><\/div><\/div><div id=\"pg-292-2\"  class=\"panel-grid panel-no-style\" ><div id=\"pgc-292-2-0\"  class=\"panel-grid-cell\" ><div id=\"panel-292-2-0-0\" class=\"so-panel widget widget_black-studio-tinymce widget_black_studio_tinymce panel-first-child panel-last-child\" data-index=\"2\" ><div class=\"textwidget\"><\/div><\/div><\/div><\/div><\/div>","protected":false},"excerpt":{"rendered":"<p>Unveiling the Splendor: Exploring the Italian Dolomites, a Hidden Gem Welcome, fellow adventurers, to one of Italy&#8217;s best-kept secrets: the&hellip;<\/p>","protected":false},"author":1,"featured_media":0,"parent":0,"menu_order":0,"comment_status":"closed","ping_status":"closed","template":"","meta":{"nf_dc_page":"","om_disable_all_campaigns":false,"footnotes":""},"class_list":["post-292","page","type-page","status-publish","hentry"],"yoast_head":"<!-- This site is optimized with the Yoast SEO plugin v27.4 - https:\/\/yoast.com\/product\/yoast-seo-wordpress\/ -->\n<title>Italy&#039;s Hidden Gems - Out of Office Globetrotting<\/title>\n<meta name=\"robots\" content=\"index, follow, max-snippet:-1, max-image-preview:large, max-video-preview:-1\" \/>\n<link rel=\"canonical\" href=\"https:\/\/outofofficeglobetrotting.com\/fr\/italy\/\" \/>\n<meta property=\"og:locale\" content=\"fr_CA\" \/>\n<meta property=\"og:type\" content=\"article\" \/>\n<meta property=\"og:title\" content=\"Italy&#039;s Hidden Gems - Out of Office Globetrotting\" \/>\n<meta property=\"og:description\" content=\"Unveiling the Splendor: Exploring the Italian Dolomites, a Hidden Gem Welcome, fellow adventurers, to one of Italy&#039;s best-kept secrets: the&hellip;\" \/>\n<meta property=\"og:url\" content=\"https:\/\/outofofficeglobetrotting.com\/fr\/italy\/\" \/>\n<meta property=\"og:site_name\" content=\"Out of Office Globetrotting\" \/>\n<meta property=\"article:publisher\" content=\"https:\/\/www.facebook.com\/profile.php?id=100047947646621\" \/>\n<meta property=\"article:modified_time\" content=\"2025-04-16T00:14:51+00:00\" \/>\n<meta name=\"twitter:card\" content=\"summary_large_image\" \/>\n<meta name=\"twitter:label1\" content=\"Estimation du temps de lecture\" \/>\n\t<meta name=\"twitter:data1\" content=\"3 minutes\" \/>\n<script type=\"application\/ld+json\" class=\"yoast-schema-graph\">{\"@context\":\"https:\\\/\\\/schema.org\",\"@graph\":[{\"@type\":\"WebPage\",\"@id\":\"https:\\\/\\\/outofofficeglobetrotting.com\\\/italy\\\/\",\"url\":\"https:\\\/\\\/outofofficeglobetrotting.com\\\/italy\\\/\",\"name\":\"Italy's Hidden Gems - Out of Office Globetrotting\",\"isPartOf\":{\"@id\":\"https:\\\/\\\/outofofficeglobetrotting.com\\\/en\\\/#website\"},\"datePublished\":\"2018-09-03T21:39:14+00:00\",\"dateModified\":\"2025-04-16T00:14:51+00:00\",\"breadcrumb\":{\"@id\":\"https:\\\/\\\/outofofficeglobetrotting.com\\\/italy\\\/#breadcrumb\"},\"inLanguage\":\"fr-CA\",\"potentialAction\":[{\"@type\":\"ReadAction\",\"target\":[\"https:\\\/\\\/outofofficeglobetrotting.com\\\/italy\\\/\"]}]},{\"@type\":\"BreadcrumbList\",\"@id\":\"https:\\\/\\\/outofofficeglobetrotting.com\\\/italy\\\/#breadcrumb\",\"itemListElement\":[{\"@type\":\"ListItem\",\"position\":1,\"name\":\"Home\",\"item\":\"https:\\\/\\\/outofofficeglobetrotting.com\\\/\"},{\"@type\":\"ListItem\",\"position\":2,\"name\":\"Italy&#8217;s Hidden Gems\"}]},{\"@type\":\"WebSite\",\"@id\":\"https:\\\/\\\/outofofficeglobetrotting.com\\\/en\\\/#website\",\"url\":\"https:\\\/\\\/outofofficeglobetrotting.com\\\/en\\\/\",\"name\":\"Out of Office Globetrotting\",\"description\":\"Life won&#039;t wait, work hard, travel harder!\",\"publisher\":{\"@id\":\"https:\\\/\\\/outofofficeglobetrotting.com\\\/en\\\/#organization\"},\"potentialAction\":[{\"@type\":\"SearchAction\",\"target\":{\"@type\":\"EntryPoint\",\"urlTemplate\":\"https:\\\/\\\/outofofficeglobetrotting.com\\\/en\\\/?s={search_term_string}\"},\"query-input\":{\"@type\":\"PropertyValueSpecification\",\"valueRequired\":true,\"valueName\":\"search_term_string\"}}],\"inLanguage\":\"fr-CA\"},{\"@type\":\"Organization\",\"@id\":\"https:\\\/\\\/outofofficeglobetrotting.com\\\/en\\\/#organization\",\"name\":\"Out of Office Globetrotting\",\"url\":\"https:\\\/\\\/outofofficeglobetrotting.com\\\/en\\\/\",\"logo\":{\"@type\":\"ImageObject\",\"inLanguage\":\"fr-CA\",\"@id\":\"https:\\\/\\\/outofofficeglobetrotting.com\\\/en\\\/#\\\/schema\\\/logo\\\/image\\\/\",\"url\":\"https:\\\/\\\/outofofficeglobetrotting.com\\\/wp-content\\\/uploads\\\/2023\\\/08\\\/cropped-cropped-1.png\",\"contentUrl\":\"https:\\\/\\\/outofofficeglobetrotting.com\\\/wp-content\\\/uploads\\\/2023\\\/08\\\/cropped-cropped-1.png\",\"width\":512,\"height\":212,\"caption\":\"Out of Office Globetrotting\"},\"image\":{\"@id\":\"https:\\\/\\\/outofofficeglobetrotting.com\\\/en\\\/#\\\/schema\\\/logo\\\/image\\\/\"},\"sameAs\":[\"https:\\\/\\\/www.facebook.com\\\/profile.php?id=100047947646621\"]}]}<\/script>\n<!-- \/ Yoast SEO plugin. -->","yoast_head_json":{"title":"Italy's Hidden Gems - Out of Office Globetrotting","robots":{"index":"index","follow":"follow","max-snippet":"max-snippet:-1","max-image-preview":"max-image-preview:large","max-video-preview":"max-video-preview:-1"},"canonical":"https:\/\/outofofficeglobetrotting.com\/fr\/italy\/","og_locale":"fr_CA","og_type":"article","og_title":"Italy's Hidden Gems - Out of Office Globetrotting","og_description":"Unveiling the Splendor: Exploring the Italian Dolomites, a Hidden Gem Welcome, fellow adventurers, to one of Italy's best-kept secrets: the&hellip;","og_url":"https:\/\/outofofficeglobetrotting.com\/fr\/italy\/","og_site_name":"Out of Office Globetrotting","article_publisher":"https:\/\/www.facebook.com\/profile.php?id=100047947646621","article_modified_time":"2025-04-16T00:14:51+00:00","twitter_card":"summary_large_image","twitter_misc":{"Estimation du temps de lecture":"3 minutes"},"schema":{"@context":"https:\/\/schema.org","@graph":[{"@type":"WebPage","@id":"https:\/\/outofofficeglobetrotting.com\/italy\/","url":"https:\/\/outofofficeglobetrotting.com\/italy\/","name":"Italy's Hidden Gems - Out of Office Globetrotting","isPartOf":{"@id":"https:\/\/outofofficeglobetrotting.com\/en\/#website"},"datePublished":"2018-09-03T21:39:14+00:00","dateModified":"2025-04-16T00:14:51+00:00","breadcrumb":{"@id":"https:\/\/outofofficeglobetrotting.com\/italy\/#breadcrumb"},"inLanguage":"fr-CA","potentialAction":[{"@type":"ReadAction","target":["https:\/\/outofofficeglobetrotting.com\/italy\/"]}]},{"@type":"BreadcrumbList","@id":"https:\/\/outofofficeglobetrotting.com\/italy\/#breadcrumb","itemListElement":[{"@type":"ListItem","position":1,"name":"Home","item":"https:\/\/outofofficeglobetrotting.com\/"},{"@type":"ListItem","position":2,"name":"Italy&#8217;s Hidden Gems"}]},{"@type":"WebSite","@id":"https:\/\/outofofficeglobetrotting.com\/en\/#website","url":"https:\/\/outofofficeglobetrotting.com\/en\/","name":"Le Globetrotter D\u00e9connect\u00e9","description":"La vie n'attend pas, travaillez fort, voyagez plus fort !","publisher":{"@id":"https:\/\/outofofficeglobetrotting.com\/en\/#organization"},"potentialAction":[{"@type":"SearchAction","target":{"@type":"EntryPoint","urlTemplate":"https:\/\/outofofficeglobetrotting.com\/en\/?s={search_term_string}"},"query-input":{"@type":"PropertyValueSpecification","valueRequired":true,"valueName":"search_term_string"}}],"inLanguage":"fr-CA"},{"@type":"Organization","@id":"https:\/\/outofofficeglobetrotting.com\/en\/#organization","name":"Le Globetrotter D\u00e9connect\u00e9","url":"https:\/\/outofofficeglobetrotting.com\/en\/","logo":{"@type":"ImageObject","inLanguage":"fr-CA","@id":"https:\/\/outofofficeglobetrotting.com\/en\/#\/schema\/logo\/image\/","url":"https:\/\/outofofficeglobetrotting.com\/wp-content\/uploads\/2023\/08\/cropped-cropped-1.png","contentUrl":"https:\/\/outofofficeglobetrotting.com\/wp-content\/uploads\/2023\/08\/cropped-cropped-1.png","width":512,"height":212,"caption":"Out of Office Globetrotting"},"image":{"@id":"https:\/\/outofofficeglobetrotting.com\/en\/#\/schema\/logo\/image\/"},"sameAs":["https:\/\/www.facebook.com\/profile.php?id=100047947646621"]}]}},"_links":{"self":[{"href":"https:\/\/outofofficeglobetrotting.com\/fr\/wp-json\/wp\/v2\/pages\/292","targetHints":{"allow":["GET"]}}],"collection":[{"href":"https:\/\/outofofficeglobetrotting.com\/fr\/wp-json\/wp\/v2\/pages"}],"about":[{"href":"https:\/\/outofofficeglobetrotting.com\/fr\/wp-json\/wp\/v2\/types\/page"}],"author":[{"embeddable":true,"href":"https:\/\/outofofficeglobetrotting.com\/fr\/wp-json\/wp\/v2\/users\/1"}],"replies":[{"embeddable":true,"href":"https:\/\/outofofficeglobetrotting.com\/fr\/wp-json\/wp\/v2\/comments?post=292"}],"version-history":[{"count":7,"href":"https:\/\/outofofficeglobetrotting.com\/fr\/wp-json\/wp\/v2\/pages\/292\/revisions"}],"predecessor-version":[{"id":1478,"href":"https:\/\/outofofficeglobetrotting.com\/fr\/wp-json\/wp\/v2\/pages\/292\/revisions\/1478"}],"wp:attachment":[{"href":"https:\/\/outofofficeglobetrotting.com\/fr\/wp-json\/wp\/v2\/media?parent=292"}],"curies":[{"name":"wp","href":"https:\/\/api.w.org\/{rel}","templated":true}]}}