{"id":200,"date":"2018-08-30T11:19:09","date_gmt":"2018-08-30T11:19:09","guid":{"rendered":"https:\/\/outofofficeglobetrotting.com\/?page_id=200"},"modified":"2025-05-12T10:08:50","modified_gmt":"2025-05-12T10:08:50","slug":"about","status":"publish","type":"page","link":"https:\/\/outofofficeglobetrotting.com\/fr\/about\/","title":{"rendered":"A propos"},"content":{"rendered":"<div id=\"pl-200\"  class=\"panel-layout\" ><div id=\"pg-200-0\"  class=\"panel-grid panel-has-style\" ><div class=\"siteorigin-panels-stretch panel-row-style panel-row-style-for-200-0\" data-stretch-type=\"full\" ><div id=\"pgc-200-0-0\"  class=\"panel-grid-cell\" ><div id=\"panel-200-0-0-0\" class=\"so-panel widget widget_black-studio-tinymce widget_black_studio_tinymce panel-first-child panel-last-child\" data-index=\"0\" ><div class=\"textwidget\"><p style=\"text-align: center;\"><span class=\"About-headline\"><span class=\"\" style=\"display:block;clear:both;height: 0px;padding-top: 1000px;border-top-width:0px;border-bottom-width:0px;\"><\/span><\/span><\/p><\/div><\/div><\/div><\/div><\/div><div id=\"pg-200-1\"  class=\"panel-grid panel-no-style\" ><div id=\"pgc-200-1-0\"  class=\"panel-grid-cell panel-grid-cell-empty\" ><\/div><div id=\"pgc-200-1-1\"  class=\"panel-grid-cell panel-grid-cell-mobile-last\" ><div id=\"panel-200-1-1-0\" class=\"so-panel widget widget_black-studio-tinymce widget_black_studio_tinymce panel-first-child panel-last-child\" data-index=\"1\" ><div class=\"textwidget\"><p class=\"custom-indent\"><span style=\"font-family: terminal, monaco; font-size: 16px; color: #7a7a7a;\">Step into the world of wanderlust with a warm welcome to \"Out Of Office Globetrotting,\" your ultimate travel blog companion. I'm Genevieve, your guide on this exhilarating journey. My mission? Empowering you to craft your very own travel escapades. Dive into a treasure trove of wisdom, where I unravel the art of thrifty exploration, unveil the secrets of seamless navigation, decode the essentials to pack, and unveil a treasure trove of the finest travel apps. Let's embark on this thrilling odyssey together, crafting memories that will linger long after the adventure ends. <span class=\"\" style=\"display:block;clear:both;height: 0px;padding-top: 20px;border-top-width:0px;border-bottom-width:0px;\"><\/span><\/span><\/p>\n<p class=\"custom-indent translation-block\">Permettez-moi de me pr\u00e9senter bri\u00e8vement. Je mange, dors et respire les voyages. Bien s\u00fbr, j'ai particip\u00e9 \u00e0 des voyages en groupe et je me suis repos\u00e9e dans des tout compris, mais mon c\u0153ur bat la chamade lorsque je cr\u00e9e mes propres escapades audacieuses. Appelez-moi rebelle, mais je n'ai pas l'intention de me contenter de cette checklist touristique. Non, mes aventures sont bien plus juteuses qu'une liste de \"Top 10\". Il s'agit pour moi de plonger t\u00eate la premi\u00e8re dans l'essence de chaque destination, de m'impr\u00e9gner de son \u00e2me et de son esprit comme une \u00e9ponge en mission. Les zones de confort ? Pfft, je les laisse dans le r\u00e9troviseur, \u00e0 la recherche d'exp\u00e9riences qui me font vibrer. Je ne me contente pas d'effleurer la surface, je creuse l'histoire d'un pays, je me lie d'amiti\u00e9 avec les habitants et je m'impr\u00e8gne de leur rythme de vie. Soyons r\u00e9alistes, les voyages standardis\u00e9s ? Pas pour moi.<\/p>\n<p class=\"custom-indent\"><span style=\"font-family: terminal, monaco; font-size: 16px; color: #7a7a7a;\">Mes escapades ont travers\u00e9 l'Am\u00e9rique du Nord, les Cara\u00efbes et l'Europe, ce qui ne donne qu'un aper\u00e7u de ma grande soif de voyages. Imaginez-moi assise sur un banc tranquille du St. Stephen's Green de Dublin, absorb\u00e9e par une conversation chaleureuse avec un vieil habitant, savourant l'essence m\u00eame de l'Irlande. J'ai r\u00e9veill\u00e9 le chef qui sommeille en moi en participant \u00e0 un cours de cuisine dans les Cinque Terre en Italie, j'ai travers\u00e9 \u00e0 v\u00e9lo l'embl\u00e9matique Golden Gate Bridge de San Francisco et je me suis \u00e9lanc\u00e9 au-dessus de la for\u00eat nuageuse de Santa Elena au Costa Rica gr\u00e2ce \u00e0 une tyrolienne exaltante. Avec un esprit audacieux, j'ai m\u00eame caress\u00e9 un requin au musee oceanique de Monte Carlo. Pourtant, parmi ces moments pr\u00e9cieux, la randonn\u00e9e sur l'illustre Camino de Santiago en Espagne reste un moment fort et in\u00e9gal\u00e9. Accompagn\u00e9 de mon intr\u00e9pide ami Luca, nous nous sommes embarqu\u00e9s sur le v\u00e9n\u00e9rable Chemin fran\u00e7ais (Camino Franc\u00e9s), parcourant 955 km de St-Jean Pied de Port dans les Pyr\u00e9n\u00e9es fran\u00e7aises jusqu'\u00e0 Saint-Jacques-de-Compostelle. Notre voyage ne s'est pas arr\u00eat\u00e9 l\u00e0 - nous nous sommes aventur\u00e9s \u00e0 Muxia et \u00e0 Fisterra sur la c\u00f4te atlantique, gravant un chapitre ind\u00e9l\u00e9bile dans mon histoire de globe-trotter.<span class=\"\" style=\"display:block;clear:both;height: 0px;padding-top: 20px;border-top-width:0px;border-bottom-width:0px;\"><\/span><\/span><\/p>\n<p class=\"custom-indent\"><span style=\"font-family: terminal, monaco; font-size: 16px; color: #7a7a7a;\">J'esp\u00e8re que mon site vous fournira les conseils que vous recherchez pour vous aider \u00e0 cr\u00e9er l'aventure ultime de vos vacances.<span class=\"\" style=\"display:block;clear:both;height: 0px;padding-top: 20px;border-top-width:0px;border-bottom-width:0px;\"><\/span><\/span><\/p>\n<span style=\"font-family: terminal, monaco; font-size: 16px; color: #7a7a7a;\">Et maintenant, il est temps d'activer votre \"Out of Office\"!<\/span><\/div><\/div><\/div><div id=\"pgc-200-1-2\"  class=\"panel-grid-cell panel-grid-cell-empty\" ><\/div><\/div><div id=\"pg-200-2\"  class=\"panel-grid panel-has-style\" ><div class=\"siteorigin-panels-stretch panel-row-style panel-row-style-for-200-2\" data-stretch-type=\"full-width-stretch\" ><div id=\"pgc-200-2-0\"  class=\"panel-grid-cell\" ><div id=\"panel-200-2-0-0\" class=\"so-panel widget widget_black-studio-tinymce widget_black_studio_tinymce panel-first-child panel-last-child\" data-index=\"2\" ><div class=\"panel-widget-style panel-widget-style-for-200-2-0-0\" ><div class=\"textwidget\"><p><span class=\"\" style=\"display:block;clear:both;height: 0px;padding-top: 450px;border-top-width:0px;border-bottom-width:0px;\"><\/span><\/p>\n<\/div><\/div><\/div><\/div><div id=\"pgc-200-2-1\"  class=\"panel-grid-cell\" ><div id=\"panel-200-2-1-0\" class=\"so-panel widget widget_black-studio-tinymce widget_black_studio_tinymce panel-first-child panel-last-child\" data-index=\"3\" ><div class=\"panel-widget-style panel-widget-style-for-200-2-1-0\" ><div class=\"textwidget\"><p><span class=\"\" style=\"display:block;clear:both;height: 0px;padding-top: 450px;border-top-width:0px;border-bottom-width:0px;\"><\/span><\/p>\n<\/div><\/div><\/div><\/div><div id=\"pgc-200-2-2\"  class=\"panel-grid-cell\" ><div id=\"panel-200-2-2-0\" class=\"so-panel widget widget_black-studio-tinymce widget_black_studio_tinymce panel-first-child panel-last-child\" data-index=\"4\" ><div class=\"panel-widget-style panel-widget-style-for-200-2-2-0\" ><div class=\"textwidget\"><p><span class=\"\" style=\"display:block;clear:both;height: 0px;padding-top: 450px;border-top-width:0px;border-bottom-width:0px;\"><\/span><\/p>\n<\/div><\/div><\/div><\/div><\/div><\/div><\/div>","protected":false},"excerpt":{"rendered":"<p>Step into the world of wanderlust with a warm welcome to &#8220;Out Of Office Globetrotting,&#8221; your ultimate travel blog companion.&hellip;<\/p>","protected":false},"author":1,"featured_media":0,"parent":0,"menu_order":0,"comment_status":"closed","ping_status":"closed","template":"","meta":{"nf_dc_page":"","om_disable_all_campaigns":false,"footnotes":""},"class_list":["post-200","page","type-page","status-publish","hentry"],"yoast_head":"<!-- This site is optimized with the Yoast SEO plugin v27.4 - https:\/\/yoast.com\/product\/yoast-seo-wordpress\/ -->\n<title>About - Out of Office Globetrotting<\/title>\n<meta name=\"robots\" content=\"index, follow, max-snippet:-1, max-image-preview:large, max-video-preview:-1\" \/>\n<link rel=\"canonical\" href=\"https:\/\/outofofficeglobetrotting.com\/fr\/about\/\" \/>\n<meta property=\"og:locale\" content=\"fr_CA\" \/>\n<meta property=\"og:type\" content=\"article\" \/>\n<meta property=\"og:title\" content=\"About - Out of Office Globetrotting\" \/>\n<meta property=\"og:description\" content=\"Step into the world of wanderlust with a warm welcome to &quot;Out Of Office Globetrotting,&quot; your ultimate travel blog companion.&hellip;\" \/>\n<meta property=\"og:url\" content=\"https:\/\/outofofficeglobetrotting.com\/fr\/about\/\" \/>\n<meta property=\"og:site_name\" content=\"Out of Office Globetrotting\" \/>\n<meta property=\"article:publisher\" content=\"https:\/\/www.facebook.com\/profile.php?id=100047947646621\" \/>\n<meta property=\"article:modified_time\" content=\"2025-05-12T10:08:50+00:00\" \/>\n<meta name=\"twitter:card\" content=\"summary_large_image\" \/>\n<meta name=\"twitter:label1\" content=\"Estimation du temps de lecture\" \/>\n\t<meta name=\"twitter:data1\" content=\"2 minutes\" \/>\n<script type=\"application\/ld+json\" class=\"yoast-schema-graph\">{\"@context\":\"https:\\\/\\\/schema.org\",\"@graph\":[{\"@type\":\"WebPage\",\"@id\":\"https:\\\/\\\/outofofficeglobetrotting.com\\\/about\\\/\",\"url\":\"https:\\\/\\\/outofofficeglobetrotting.com\\\/about\\\/\",\"name\":\"About - Out of Office Globetrotting\",\"isPartOf\":{\"@id\":\"https:\\\/\\\/outofofficeglobetrotting.com\\\/en\\\/#website\"},\"datePublished\":\"2018-08-30T11:19:09+00:00\",\"dateModified\":\"2025-05-12T10:08:50+00:00\",\"breadcrumb\":{\"@id\":\"https:\\\/\\\/outofofficeglobetrotting.com\\\/about\\\/#breadcrumb\"},\"inLanguage\":\"fr-CA\",\"potentialAction\":[{\"@type\":\"ReadAction\",\"target\":[\"https:\\\/\\\/outofofficeglobetrotting.com\\\/about\\\/\"]}]},{\"@type\":\"BreadcrumbList\",\"@id\":\"https:\\\/\\\/outofofficeglobetrotting.com\\\/about\\\/#breadcrumb\",\"itemListElement\":[{\"@type\":\"ListItem\",\"position\":1,\"name\":\"Home\",\"item\":\"https:\\\/\\\/outofofficeglobetrotting.com\\\/\"},{\"@type\":\"ListItem\",\"position\":2,\"name\":\"About\"}]},{\"@type\":\"WebSite\",\"@id\":\"https:\\\/\\\/outofofficeglobetrotting.com\\\/en\\\/#website\",\"url\":\"https:\\\/\\\/outofofficeglobetrotting.com\\\/en\\\/\",\"name\":\"Out of Office Globetrotting\",\"description\":\"Life won&#039;t wait, work hard, travel harder!\",\"publisher\":{\"@id\":\"https:\\\/\\\/outofofficeglobetrotting.com\\\/en\\\/#organization\"},\"potentialAction\":[{\"@type\":\"SearchAction\",\"target\":{\"@type\":\"EntryPoint\",\"urlTemplate\":\"https:\\\/\\\/outofofficeglobetrotting.com\\\/en\\\/?s={search_term_string}\"},\"query-input\":{\"@type\":\"PropertyValueSpecification\",\"valueRequired\":true,\"valueName\":\"search_term_string\"}}],\"inLanguage\":\"fr-CA\"},{\"@type\":\"Organization\",\"@id\":\"https:\\\/\\\/outofofficeglobetrotting.com\\\/en\\\/#organization\",\"name\":\"Out of Office Globetrotting\",\"url\":\"https:\\\/\\\/outofofficeglobetrotting.com\\\/en\\\/\",\"logo\":{\"@type\":\"ImageObject\",\"inLanguage\":\"fr-CA\",\"@id\":\"https:\\\/\\\/outofofficeglobetrotting.com\\\/en\\\/#\\\/schema\\\/logo\\\/image\\\/\",\"url\":\"https:\\\/\\\/outofofficeglobetrotting.com\\\/wp-content\\\/uploads\\\/2023\\\/08\\\/cropped-cropped-1.png\",\"contentUrl\":\"https:\\\/\\\/outofofficeglobetrotting.com\\\/wp-content\\\/uploads\\\/2023\\\/08\\\/cropped-cropped-1.png\",\"width\":512,\"height\":212,\"caption\":\"Out of Office Globetrotting\"},\"image\":{\"@id\":\"https:\\\/\\\/outofofficeglobetrotting.com\\\/en\\\/#\\\/schema\\\/logo\\\/image\\\/\"},\"sameAs\":[\"https:\\\/\\\/www.facebook.com\\\/profile.php?id=100047947646621\"]}]}<\/script>\n<!-- \/ Yoast SEO plugin. -->","yoast_head_json":{"title":"About - Out of Office Globetrotting","robots":{"index":"index","follow":"follow","max-snippet":"max-snippet:-1","max-image-preview":"max-image-preview:large","max-video-preview":"max-video-preview:-1"},"canonical":"https:\/\/outofofficeglobetrotting.com\/fr\/about\/","og_locale":"fr_CA","og_type":"article","og_title":"About - Out of Office Globetrotting","og_description":"Step into the world of wanderlust with a warm welcome to \"Out Of Office Globetrotting,\" your ultimate travel blog companion.&hellip;","og_url":"https:\/\/outofofficeglobetrotting.com\/fr\/about\/","og_site_name":"Out of Office Globetrotting","article_publisher":"https:\/\/www.facebook.com\/profile.php?id=100047947646621","article_modified_time":"2025-05-12T10:08:50+00:00","twitter_card":"summary_large_image","twitter_misc":{"Estimation du temps de lecture":"2 minutes"},"schema":{"@context":"https:\/\/schema.org","@graph":[{"@type":"WebPage","@id":"https:\/\/outofofficeglobetrotting.com\/about\/","url":"https:\/\/outofofficeglobetrotting.com\/about\/","name":"About - Out of Office Globetrotting","isPartOf":{"@id":"https:\/\/outofofficeglobetrotting.com\/en\/#website"},"datePublished":"2018-08-30T11:19:09+00:00","dateModified":"2025-05-12T10:08:50+00:00","breadcrumb":{"@id":"https:\/\/outofofficeglobetrotting.com\/about\/#breadcrumb"},"inLanguage":"fr-CA","potentialAction":[{"@type":"ReadAction","target":["https:\/\/outofofficeglobetrotting.com\/about\/"]}]},{"@type":"BreadcrumbList","@id":"https:\/\/outofofficeglobetrotting.com\/about\/#breadcrumb","itemListElement":[{"@type":"ListItem","position":1,"name":"Home","item":"https:\/\/outofofficeglobetrotting.com\/"},{"@type":"ListItem","position":2,"name":"About"}]},{"@type":"WebSite","@id":"https:\/\/outofofficeglobetrotting.com\/en\/#website","url":"https:\/\/outofofficeglobetrotting.com\/en\/","name":"Le Globetrotter D\u00e9connect\u00e9","description":"La vie n'attend pas, travaillez fort, voyagez plus fort !","publisher":{"@id":"https:\/\/outofofficeglobetrotting.com\/en\/#organization"},"potentialAction":[{"@type":"SearchAction","target":{"@type":"EntryPoint","urlTemplate":"https:\/\/outofofficeglobetrotting.com\/en\/?s={search_term_string}"},"query-input":{"@type":"PropertyValueSpecification","valueRequired":true,"valueName":"search_term_string"}}],"inLanguage":"fr-CA"},{"@type":"Organization","@id":"https:\/\/outofofficeglobetrotting.com\/en\/#organization","name":"Le Globetrotter D\u00e9connect\u00e9","url":"https:\/\/outofofficeglobetrotting.com\/en\/","logo":{"@type":"ImageObject","inLanguage":"fr-CA","@id":"https:\/\/outofofficeglobetrotting.com\/en\/#\/schema\/logo\/image\/","url":"https:\/\/outofofficeglobetrotting.com\/wp-content\/uploads\/2023\/08\/cropped-cropped-1.png","contentUrl":"https:\/\/outofofficeglobetrotting.com\/wp-content\/uploads\/2023\/08\/cropped-cropped-1.png","width":512,"height":212,"caption":"Out of Office Globetrotting"},"image":{"@id":"https:\/\/outofofficeglobetrotting.com\/en\/#\/schema\/logo\/image\/"},"sameAs":["https:\/\/www.facebook.com\/profile.php?id=100047947646621"]}]}},"_links":{"self":[{"href":"https:\/\/outofofficeglobetrotting.com\/fr\/wp-json\/wp\/v2\/pages\/200","targetHints":{"allow":["GET"]}}],"collection":[{"href":"https:\/\/outofofficeglobetrotting.com\/fr\/wp-json\/wp\/v2\/pages"}],"about":[{"href":"https:\/\/outofofficeglobetrotting.com\/fr\/wp-json\/wp\/v2\/types\/page"}],"author":[{"embeddable":true,"href":"https:\/\/outofofficeglobetrotting.com\/fr\/wp-json\/wp\/v2\/users\/1"}],"replies":[{"embeddable":true,"href":"https:\/\/outofofficeglobetrotting.com\/fr\/wp-json\/wp\/v2\/comments?post=200"}],"version-history":[{"count":8,"href":"https:\/\/outofofficeglobetrotting.com\/fr\/wp-json\/wp\/v2\/pages\/200\/revisions"}],"predecessor-version":[{"id":1608,"href":"https:\/\/outofofficeglobetrotting.com\/fr\/wp-json\/wp\/v2\/pages\/200\/revisions\/1608"}],"wp:attachment":[{"href":"https:\/\/outofofficeglobetrotting.com\/fr\/wp-json\/wp\/v2\/media?parent=200"}],"curies":[{"name":"wp","href":"https:\/\/api.w.org\/{rel}","templated":true}]}}