{"id":1422,"date":"2024-03-22T00:49:42","date_gmt":"2024-03-22T00:49:42","guid":{"rendered":"https:\/\/outofofficeglobetrotting.com\/?page_id=1422"},"modified":"2025-04-16T00:29:46","modified_gmt":"2025-04-16T00:29:46","slug":"passport-2","status":"publish","type":"page","link":"https:\/\/outofofficeglobetrotting.com\/fr\/passport-2\/","title":{"rendered":"Prot\u00e9ger son passeport : Pr\u00e9venir la perte et faire face au vol."},"content":{"rendered":"<div id=\"pl-1422\"  class=\"panel-layout\" ><div id=\"pg-1422-0\"  class=\"panel-grid panel-no-style\" ><div id=\"pgc-1422-0-0\"  class=\"panel-grid-cell\" ><div id=\"panel-1422-0-0-0\" class=\"so-panel widget widget_black-studio-tinymce widget_black_studio_tinymce panel-first-child\" data-index=\"0\" ><div class=\"textwidget\"><p><a href=\"https:\/\/outofofficeglobetrotting.com\/wp-content\/uploads\/2019\/12\/agus-dietrich-eUjufrdx_bM-unsplash-scaled-e1575854766509.jpg\" data-rel=\"lightbox-image-0\" data-rl_title=\"\" data-rl_caption=\"\" title=\"\"><img loading=\"lazy\" decoding=\"async\" class=\"aligncenter size-full wp-image-1103\" src=\"https:\/\/outofofficeglobetrotting.com\/wp-content\/uploads\/2019\/12\/agus-dietrich-eUjufrdx_bM-unsplash-scaled-e1575854766509.jpg\" alt=\"\" width=\"902\" height=\"485\" srcset=\"https:\/\/outofofficeglobetrotting.com\/wp-content\/uploads\/2019\/12\/agus-dietrich-eUjufrdx_bM-unsplash-scaled-e1575854766509.jpg 902w, https:\/\/outofofficeglobetrotting.com\/wp-content\/uploads\/2019\/12\/agus-dietrich-eUjufrdx_bM-unsplash-scaled-e1575854766509-450x242.jpg 450w, https:\/\/outofofficeglobetrotting.com\/wp-content\/uploads\/2019\/12\/agus-dietrich-eUjufrdx_bM-unsplash-scaled-e1575854766509-768x413.jpg 768w, https:\/\/outofofficeglobetrotting.com\/wp-content\/uploads\/2019\/12\/agus-dietrich-eUjufrdx_bM-unsplash-scaled-e1575854766509-558x300.jpg 558w\" sizes=\"auto, (max-width: 902px) 100vw, 902px\" \/><\/a><\/p>\n<\/div><\/div><div id=\"panel-1422-0-0-1\" class=\"so-panel widget widget_black-studio-tinymce widget_black_studio_tinymce panel-last-child\" data-index=\"1\" ><div class=\"textwidget\"><p><span style=\"font-family: terminal, monaco; font-size: 16px; color: #7a7a7a;\"><strong>Guarding Your Passport: A Traveler\u2019s Guide to Preventing Loss and Theft<\/strong><\/p>\n<div class=\"wp-block-group is-layout-constrained wp-block-group-is-layout-constrained\">\n<div class=\"wp-block-group__inner-container\">\n<div id=\"pl-1393\" class=\"panel-layout\">\n<div id=\"pg-1393-0\" class=\"panel-grid panel-no-style\">\n<div id=\"pgc-1393-0-0\" class=\"panel-grid-cell\" data-weight=\"1\">\n<div id=\"panel-1393-0-0-1\" class=\"so-panel widget widget_black-studio-tinymce widget_black_studio_tinymce panel-last-child\" data-index=\"1\" data-style=\"{&quot;background_image_attachment&quot;:false,&quot;background_display&quot;:&quot;tile&quot;,&quot;background_image_size&quot;:&quot;full&quot;,&quot;background_image_opacity&quot;:&quot;100&quot;,&quot;border_thickness&quot;:&quot;1px&quot;}\">\n<div class=\"textwidget\">\n<p><span style=\"font-family: terminal, monaco; font-size: 16px; color: #7a7a7a;\">Embarking on a journey of a lifetime? Safeguarding your passport is your compass to uninterrupted exploration. By embracing a few simple habits, you can significantly reduce the risk of a lost or stolen passport casting a shadow over your travels. Firstly, create digital armor: snap clear photos of your passport\u2019s details and store them securely in your phone or a trusted cloud service. Then, place a photocopy of your passport into a designated compartment within your luggage, providing a secure backup readily accessible when needed. While on the move, cultivate vigilance: keep your passport in a designated travel pouch, zipped securely and close to your body. Enlist the help of padlocks and anti-theft bags for an extra layer of protection. Remember, prevention is your seasoned ally against the unpredictable. With these strategic steps, your passport becomes not only a gateway to the world but a symbol of your preparedness for any adventure that comes your way.<\/span><\/p>\n<\/div>\n<\/div>\n<\/div>\n<\/div>\n<\/div>\n<\/div>\n<\/div>\n<div class=\"wp-block-spacer\" aria-hidden=\"true\"><\/div>\n<p><span style=\"font-family: terminal, monaco; font-size: 16px; color: #7a7a7a;\"><strong>Voici les d\u00e9marches \u00e0 suivre en cas de perte ou de vol d'un passeport : Les \u00e9tapes essentielles d'une r\u00e9cup\u00e9ration en douceur<\/strong>\u00a0Imaginez : vous \u00eates en train de vivre une aventure \u00e9poustouflante, d'explorer de nouveaux horizons, quand tout \u00e0 coup, votre passeport dispara\u00eet. Que dois-je faire maintenant ?\u00a0\u00a0 \u00a0\u00a0<\/span><\/p>\n<p><span style=\"font-family: terminal, monaco; font-size: 16px; color: #7a7a7a;\"><b>Step 1: <\/b><\/span><b style=\"color: #7a7a7a; font-family: terminal, monaco;\">Report the Loss\/Theft: <\/b><\/p>\n<p><span style=\"font-family: terminal, monaco; font-size: 16px; color: #7a7a7a;\">Puisque vous avez d\u00e9j\u00e0 contact\u00e9 les autorit\u00e9s locales, il s'agit d'une premi\u00e8re \u00e9tape cruciale. Assurez-vous d'avoir une copie du rapport de police, car il pourrait vous \u00eatre demand\u00e9 ult\u00e9rieurement \u00e0 des fins de documentation.\u00a0 \u00a0 \u00a0<\/span><\/p>\n<p><span style=\"font-family: terminal, monaco; font-size: 16px; color: #7a7a7a;\"><strong>\u00c9tape 2 : Contactez votre ambassade ou votre consulat :<\/strong>\u00a0<\/span><\/p>\n<p><span style=\"font-family: terminal, monaco; font-size: 16px; color: #7a7a7a;\">Ensuite, adressez-vous \u00e0 l'ambassade ou au consulat le plus proche de votre pays d'origine. Ils sont \u00e9quip\u00e9s pour aider les citoyens qui ont perdu leur passeport au cours d'un voyage. Fournissez-leur tous les d\u00e9tails n\u00e9cessaires concernant votre situation, y compris votre localisation et les circonstances de la perte ou du vol.\u00a0\u00a0 \u00a0\u00a0<\/span><\/p>\n<p><span style=\"font-family: terminal, monaco; font-size: 16px; color: #7a7a7a;\"><strong>\u00c9tape 3 : Demander un passeport de remplacement :<\/strong>\u00a0<\/span><\/p>\n<p><span style=\"font-family: terminal, monaco; font-size: 16px; color: #7a7a7a;\">Votre ambassade ou votre consulat vous guidera tout au long de la proc\u00e9dure d'obtention d'un passeport de remplacement. Ils vous demanderont peut-\u00eatre de remplir des formulaires et de fournir des documents, tels qu'une pi\u00e8ce d'identit\u00e9 (le cas \u00e9ch\u00e9ant), une photo d'identit\u00e9 et tout autre document requis. Veillez \u00e0 suivre attentivement leurs instructions.\u00a0\u00a0 \u00a0\u00a0<\/span><\/p>\n<p><span style=\"font-family: terminal, monaco; font-size: 16px; color: #7a7a7a;\"><strong>\u00c9tape 4 : R\u00e9pondre aux besoins imm\u00e9diats en mati\u00e8re de d\u00e9placements :<\/strong>\u00a0<\/span><\/p>\n<p><span style=\"font-family: terminal, monaco; font-size: 16px; color: #7a7a7a;\">Si vous avez des projets de voyage urgents ou si vous devez prouver votre identit\u00e9 avant l'arriv\u00e9e de votre nouveau passeport, votre ambassade pourra peut-\u00eatre vous d\u00e9livrer un document de voyage d'urgence. Ce document vous permettra de rentrer chez vous ou de poursuivre votre voyage jusqu'\u00e0 ce que votre nouveau passeport soit pr\u00eat. Pour faciliter les choses, il est pr\u00e9f\u00e9rable de disposer d'une photo ou d'une copie imprim\u00e9e de votre passeport.\u00a0\u00a0 \u00a0\u00a0<\/span><\/p>\n<p><span style=\"font-family: terminal, monaco; font-size: 16px; color: #7a7a7a;\"><strong>\u00c9tape 5 : S\u00e9curisez vos informations personnelles :<\/strong>\u00a0<\/span><\/p>\n<p><span style=\"font-family: terminal, monaco; font-size: 16px; color: #7a7a7a;\">En attendant votre nouveau passeport, prenez des mesures pour prot\u00e9ger votre identit\u00e9. Surveillez de pr\u00e8s vos comptes financiers et envisagez de contacter votre banque pour l'informer de la situation. Soyez \u00e9galement prudent lorsque vous communiquez des informations personnelles en ligne ou \u00e0 des inconnus.\u00a0\u00a0\u00a0<\/span><\/p>\n<p><span style=\"font-family: terminal, monaco; font-size: 16px; color: #7a7a7a;\"><strong>\u00c9tape 6 : Remplacer les autres objets perdus :<\/strong>\u00a0<\/span><\/p>\n<p><span style=\"font-family: terminal, monaco; font-size: 16px; color: #7a7a7a;\">Si votre portefeuille, vos cartes de cr\u00e9dit ou d'autres objets importants ont \u00e9galement \u00e9t\u00e9 perdus ou vol\u00e9s, veillez \u00e0 les signaler aux autorit\u00e9s comp\u00e9tentes et \u00e0 prendre les mesures n\u00e9cessaires pour les remplacer.<\/span><\/p>\n<div class=\"wp-block-spacer\" aria-hidden=\"true\"><\/div>\n<p><span style=\"font-family: terminal, monaco; font-size: 16px; color: #7a7a7a;\">N'oubliez pas que l'ambassade ou le consulat est l\u00e0 pour vous aider et vous guider tout au long de ce processus. Restez patient et suivez attentivement leurs instructions pour que cette situation malheureuse se r\u00e9solve sans probl\u00e8me. Bon voyage !<\/span><\/p>\n<\/div><\/div><\/div><\/div><\/div>","protected":false},"excerpt":{"rendered":"<p>Guarding Your Passport: A Traveler\u2019s Guide to Preventing Loss and Theft Embarking on a journey of a lifetime? Safeguarding your&hellip;<\/p>","protected":false},"author":1,"featured_media":0,"parent":0,"menu_order":0,"comment_status":"closed","ping_status":"closed","template":"","meta":{"nf_dc_page":"","om_disable_all_campaigns":false,"footnotes":""},"class_list":["post-1422","page","type-page","status-publish","hentry"],"yoast_head":"<!-- This site is optimized with the Yoast SEO plugin v27.4 - https:\/\/yoast.com\/product\/yoast-seo-wordpress\/ -->\n<title>Passport Protection: Preventing Loss and Dealing with Theft. - Out of Office Globetrotting<\/title>\n<meta name=\"robots\" content=\"index, follow, max-snippet:-1, max-image-preview:large, max-video-preview:-1\" \/>\n<link rel=\"canonical\" href=\"https:\/\/outofofficeglobetrotting.com\/fr\/passport-2\/\" \/>\n<meta property=\"og:locale\" content=\"fr_CA\" \/>\n<meta property=\"og:type\" content=\"article\" \/>\n<meta property=\"og:title\" content=\"Passport Protection: Preventing Loss and Dealing with Theft. - Out of Office Globetrotting\" \/>\n<meta property=\"og:description\" content=\"Guarding Your Passport: A Traveler\u2019s Guide to Preventing Loss and Theft Embarking on a journey of a lifetime? Safeguarding your&hellip;\" \/>\n<meta property=\"og:url\" content=\"https:\/\/outofofficeglobetrotting.com\/fr\/passport-2\/\" \/>\n<meta property=\"og:site_name\" content=\"Out of Office Globetrotting\" \/>\n<meta property=\"article:publisher\" content=\"https:\/\/www.facebook.com\/profile.php?id=100047947646621\" \/>\n<meta property=\"article:modified_time\" content=\"2025-04-16T00:29:46+00:00\" \/>\n<meta property=\"og:image\" content=\"https:\/\/outofofficeglobetrotting.com\/wp-content\/uploads\/2019\/12\/agus-dietrich-eUjufrdx_bM-unsplash-scaled-e1575854766509.jpg\" \/>\n\t<meta property=\"og:image:width\" content=\"902\" \/>\n\t<meta property=\"og:image:height\" content=\"485\" \/>\n\t<meta property=\"og:image:type\" content=\"image\/jpeg\" \/>\n<meta name=\"twitter:card\" content=\"summary_large_image\" \/>\n<meta name=\"twitter:label1\" content=\"Estimation du temps de lecture\" \/>\n\t<meta name=\"twitter:data1\" content=\"3 minutes\" \/>\n<script type=\"application\/ld+json\" class=\"yoast-schema-graph\">{\"@context\":\"https:\\\/\\\/schema.org\",\"@graph\":[{\"@type\":\"WebPage\",\"@id\":\"https:\\\/\\\/outofofficeglobetrotting.com\\\/passport-2\\\/\",\"url\":\"https:\\\/\\\/outofofficeglobetrotting.com\\\/passport-2\\\/\",\"name\":\"Passport Protection: Preventing Loss and Dealing with Theft. - Out of Office Globetrotting\",\"isPartOf\":{\"@id\":\"https:\\\/\\\/outofofficeglobetrotting.com\\\/en\\\/#website\"},\"primaryImageOfPage\":{\"@id\":\"https:\\\/\\\/outofofficeglobetrotting.com\\\/passport-2\\\/#primaryimage\"},\"image\":{\"@id\":\"https:\\\/\\\/outofofficeglobetrotting.com\\\/passport-2\\\/#primaryimage\"},\"thumbnailUrl\":\"https:\\\/\\\/outofofficeglobetrotting.com\\\/wp-content\\\/uploads\\\/2019\\\/12\\\/agus-dietrich-eUjufrdx_bM-unsplash-scaled-e1575854766509.jpg\",\"datePublished\":\"2024-03-22T00:49:42+00:00\",\"dateModified\":\"2025-04-16T00:29:46+00:00\",\"breadcrumb\":{\"@id\":\"https:\\\/\\\/outofofficeglobetrotting.com\\\/passport-2\\\/#breadcrumb\"},\"inLanguage\":\"fr-CA\",\"potentialAction\":[{\"@type\":\"ReadAction\",\"target\":[\"https:\\\/\\\/outofofficeglobetrotting.com\\\/passport-2\\\/\"]}]},{\"@type\":\"ImageObject\",\"inLanguage\":\"fr-CA\",\"@id\":\"https:\\\/\\\/outofofficeglobetrotting.com\\\/passport-2\\\/#primaryimage\",\"url\":\"https:\\\/\\\/outofofficeglobetrotting.com\\\/wp-content\\\/uploads\\\/2019\\\/12\\\/agus-dietrich-eUjufrdx_bM-unsplash-scaled-e1575854766509.jpg\",\"contentUrl\":\"https:\\\/\\\/outofofficeglobetrotting.com\\\/wp-content\\\/uploads\\\/2019\\\/12\\\/agus-dietrich-eUjufrdx_bM-unsplash-scaled-e1575854766509.jpg\"},{\"@type\":\"BreadcrumbList\",\"@id\":\"https:\\\/\\\/outofofficeglobetrotting.com\\\/passport-2\\\/#breadcrumb\",\"itemListElement\":[{\"@type\":\"ListItem\",\"position\":1,\"name\":\"Home\",\"item\":\"https:\\\/\\\/outofofficeglobetrotting.com\\\/\"},{\"@type\":\"ListItem\",\"position\":2,\"name\":\"Passport Protection: Preventing Loss and Dealing with Theft.\"}]},{\"@type\":\"WebSite\",\"@id\":\"https:\\\/\\\/outofofficeglobetrotting.com\\\/en\\\/#website\",\"url\":\"https:\\\/\\\/outofofficeglobetrotting.com\\\/en\\\/\",\"name\":\"Out of Office Globetrotting\",\"description\":\"Life won&#039;t wait, work hard, travel harder!\",\"publisher\":{\"@id\":\"https:\\\/\\\/outofofficeglobetrotting.com\\\/en\\\/#organization\"},\"potentialAction\":[{\"@type\":\"SearchAction\",\"target\":{\"@type\":\"EntryPoint\",\"urlTemplate\":\"https:\\\/\\\/outofofficeglobetrotting.com\\\/en\\\/?s={search_term_string}\"},\"query-input\":{\"@type\":\"PropertyValueSpecification\",\"valueRequired\":true,\"valueName\":\"search_term_string\"}}],\"inLanguage\":\"fr-CA\"},{\"@type\":\"Organization\",\"@id\":\"https:\\\/\\\/outofofficeglobetrotting.com\\\/en\\\/#organization\",\"name\":\"Out of Office Globetrotting\",\"url\":\"https:\\\/\\\/outofofficeglobetrotting.com\\\/en\\\/\",\"logo\":{\"@type\":\"ImageObject\",\"inLanguage\":\"fr-CA\",\"@id\":\"https:\\\/\\\/outofofficeglobetrotting.com\\\/en\\\/#\\\/schema\\\/logo\\\/image\\\/\",\"url\":\"https:\\\/\\\/outofofficeglobetrotting.com\\\/wp-content\\\/uploads\\\/2023\\\/08\\\/cropped-cropped-1.png\",\"contentUrl\":\"https:\\\/\\\/outofofficeglobetrotting.com\\\/wp-content\\\/uploads\\\/2023\\\/08\\\/cropped-cropped-1.png\",\"width\":512,\"height\":212,\"caption\":\"Out of Office Globetrotting\"},\"image\":{\"@id\":\"https:\\\/\\\/outofofficeglobetrotting.com\\\/en\\\/#\\\/schema\\\/logo\\\/image\\\/\"},\"sameAs\":[\"https:\\\/\\\/www.facebook.com\\\/profile.php?id=100047947646621\"]}]}<\/script>\n<!-- \/ Yoast SEO plugin. -->","yoast_head_json":{"title":"Passport Protection: Preventing Loss and Dealing with Theft. - Out of Office Globetrotting","robots":{"index":"index","follow":"follow","max-snippet":"max-snippet:-1","max-image-preview":"max-image-preview:large","max-video-preview":"max-video-preview:-1"},"canonical":"https:\/\/outofofficeglobetrotting.com\/fr\/passport-2\/","og_locale":"fr_CA","og_type":"article","og_title":"Passport Protection: Preventing Loss and Dealing with Theft. - Out of Office Globetrotting","og_description":"Guarding Your Passport: A Traveler\u2019s Guide to Preventing Loss and Theft Embarking on a journey of a lifetime? Safeguarding your&hellip;","og_url":"https:\/\/outofofficeglobetrotting.com\/fr\/passport-2\/","og_site_name":"Out of Office Globetrotting","article_publisher":"https:\/\/www.facebook.com\/profile.php?id=100047947646621","article_modified_time":"2025-04-16T00:29:46+00:00","og_image":[{"width":902,"height":485,"url":"https:\/\/outofofficeglobetrotting.com\/wp-content\/uploads\/2019\/12\/agus-dietrich-eUjufrdx_bM-unsplash-scaled-e1575854766509.jpg","type":"image\/jpeg"}],"twitter_card":"summary_large_image","twitter_misc":{"Estimation du temps de lecture":"3 minutes"},"schema":{"@context":"https:\/\/schema.org","@graph":[{"@type":"WebPage","@id":"https:\/\/outofofficeglobetrotting.com\/passport-2\/","url":"https:\/\/outofofficeglobetrotting.com\/passport-2\/","name":"Passport Protection: Preventing Loss and Dealing with Theft. - Out of Office Globetrotting","isPartOf":{"@id":"https:\/\/outofofficeglobetrotting.com\/en\/#website"},"primaryImageOfPage":{"@id":"https:\/\/outofofficeglobetrotting.com\/passport-2\/#primaryimage"},"image":{"@id":"https:\/\/outofofficeglobetrotting.com\/passport-2\/#primaryimage"},"thumbnailUrl":"https:\/\/outofofficeglobetrotting.com\/wp-content\/uploads\/2019\/12\/agus-dietrich-eUjufrdx_bM-unsplash-scaled-e1575854766509.jpg","datePublished":"2024-03-22T00:49:42+00:00","dateModified":"2025-04-16T00:29:46+00:00","breadcrumb":{"@id":"https:\/\/outofofficeglobetrotting.com\/passport-2\/#breadcrumb"},"inLanguage":"fr-CA","potentialAction":[{"@type":"ReadAction","target":["https:\/\/outofofficeglobetrotting.com\/passport-2\/"]}]},{"@type":"ImageObject","inLanguage":"fr-CA","@id":"https:\/\/outofofficeglobetrotting.com\/passport-2\/#primaryimage","url":"https:\/\/outofofficeglobetrotting.com\/wp-content\/uploads\/2019\/12\/agus-dietrich-eUjufrdx_bM-unsplash-scaled-e1575854766509.jpg","contentUrl":"https:\/\/outofofficeglobetrotting.com\/wp-content\/uploads\/2019\/12\/agus-dietrich-eUjufrdx_bM-unsplash-scaled-e1575854766509.jpg"},{"@type":"BreadcrumbList","@id":"https:\/\/outofofficeglobetrotting.com\/passport-2\/#breadcrumb","itemListElement":[{"@type":"ListItem","position":1,"name":"Home","item":"https:\/\/outofofficeglobetrotting.com\/"},{"@type":"ListItem","position":2,"name":"Passport Protection: Preventing Loss and Dealing with Theft."}]},{"@type":"WebSite","@id":"https:\/\/outofofficeglobetrotting.com\/en\/#website","url":"https:\/\/outofofficeglobetrotting.com\/en\/","name":"Le Globetrotter D\u00e9connect\u00e9","description":"La vie n'attend pas, travaillez fort, voyagez plus fort !","publisher":{"@id":"https:\/\/outofofficeglobetrotting.com\/en\/#organization"},"potentialAction":[{"@type":"SearchAction","target":{"@type":"EntryPoint","urlTemplate":"https:\/\/outofofficeglobetrotting.com\/en\/?s={search_term_string}"},"query-input":{"@type":"PropertyValueSpecification","valueRequired":true,"valueName":"search_term_string"}}],"inLanguage":"fr-CA"},{"@type":"Organization","@id":"https:\/\/outofofficeglobetrotting.com\/en\/#organization","name":"Le Globetrotter D\u00e9connect\u00e9","url":"https:\/\/outofofficeglobetrotting.com\/en\/","logo":{"@type":"ImageObject","inLanguage":"fr-CA","@id":"https:\/\/outofofficeglobetrotting.com\/en\/#\/schema\/logo\/image\/","url":"https:\/\/outofofficeglobetrotting.com\/wp-content\/uploads\/2023\/08\/cropped-cropped-1.png","contentUrl":"https:\/\/outofofficeglobetrotting.com\/wp-content\/uploads\/2023\/08\/cropped-cropped-1.png","width":512,"height":212,"caption":"Out of Office Globetrotting"},"image":{"@id":"https:\/\/outofofficeglobetrotting.com\/en\/#\/schema\/logo\/image\/"},"sameAs":["https:\/\/www.facebook.com\/profile.php?id=100047947646621"]}]}},"_links":{"self":[{"href":"https:\/\/outofofficeglobetrotting.com\/fr\/wp-json\/wp\/v2\/pages\/1422","targetHints":{"allow":["GET"]}}],"collection":[{"href":"https:\/\/outofofficeglobetrotting.com\/fr\/wp-json\/wp\/v2\/pages"}],"about":[{"href":"https:\/\/outofofficeglobetrotting.com\/fr\/wp-json\/wp\/v2\/types\/page"}],"author":[{"embeddable":true,"href":"https:\/\/outofofficeglobetrotting.com\/fr\/wp-json\/wp\/v2\/users\/1"}],"replies":[{"embeddable":true,"href":"https:\/\/outofofficeglobetrotting.com\/fr\/wp-json\/wp\/v2\/comments?post=1422"}],"version-history":[{"count":8,"href":"https:\/\/outofofficeglobetrotting.com\/fr\/wp-json\/wp\/v2\/pages\/1422\/revisions"}],"predecessor-version":[{"id":1484,"href":"https:\/\/outofofficeglobetrotting.com\/fr\/wp-json\/wp\/v2\/pages\/1422\/revisions\/1484"}],"wp:attachment":[{"href":"https:\/\/outofofficeglobetrotting.com\/fr\/wp-json\/wp\/v2\/media?parent=1422"}],"curies":[{"name":"wp","href":"https:\/\/api.w.org\/{rel}","templated":true}]}}