{"id":1148,"date":"2023-08-13T00:13:27","date_gmt":"2023-08-13T00:13:27","guid":{"rendered":"https:\/\/outofofficeglobetrotting.com\/?page_id=1148"},"modified":"2025-04-16T00:07:07","modified_gmt":"2025-04-16T00:07:07","slug":"accomodations","status":"publish","type":"page","link":"https:\/\/outofofficeglobetrotting.com\/fr\/accomodations\/","title":{"rendered":"H\u00e9bergement"},"content":{"rendered":"<div id=\"pl-1148\"  class=\"panel-layout\" ><div id=\"pg-1148-0\"  class=\"panel-grid panel-has-style\" ><div class=\"panel-row-style panel-row-style-for-1148-0\" ><div id=\"pgc-1148-0-0\"  class=\"panel-grid-cell\" ><div id=\"panel-1148-0-0-0\" class=\"so-panel widget widget_black-studio-tinymce widget_black_studio_tinymce panel-first-child panel-last-child\" data-index=\"0\" ><div class=\"textwidget\"><p><span class=\"\" style=\"display:block;clear:both;height: 0px;padding-top: 600px;border-top-width:0px;border-bottom-width:0px;\"><\/span><\/p>\n<\/div><\/div><\/div><\/div><\/div><div id=\"pg-1148-1\"  class=\"panel-grid panel-no-style\" ><div id=\"pgc-1148-1-0\"  class=\"panel-grid-cell\" ><div id=\"panel-1148-1-0-0\" class=\"so-panel widget widget_black-studio-tinymce widget_black_studio_tinymce panel-first-child panel-last-child\" data-index=\"1\" ><div class=\"textwidget\"><p><span style=\"font-family: terminal, monaco; font-size: 16px; color: #7a7a7a;\"><strong>Garantir un h\u00e9bergement exceptionnel<span class=\"\" style=\"display:block;clear:both;height: 0px;padding-top: 20px;border-top-width:0px;border-bottom-width:0px;\"><\/span><\/strong><\/span><\/p>\n<p><span style=\"font-family: terminal, monaco; font-size: 16px; color: #7a7a7a;\"><span style=\"font-family: terminal, monaco; color: #7a7a7a;\">R\u00e9server \u00e0 l'avance n'est pas seulement un moyen d'obtenir les meilleures prix, c'est aussi un moyen de s'assurer un petit coin de paradis. \u00c0 l'approche de la date de votre voyage, les tarifs peuvent grimper plus rapidement qu'un raton laveur qui guette votre pique-nique.<\/span><\/p>\n<p><span style=\"font-family: terminal, monaco; font-size: 16px; color: #7a7a7a;\">Imaginez la r\u00e9servation d'un h\u00e9bergement comme l'orchestration de votre propre chef-d'\u0153uvre. Il ne s'agit pas seulement de r\u00e9server une chambre, mais de tisser une tapisserie d'indulgence, de commodit\u00e9 et d'exp\u00e9riences \u00e9poustouflantes qui vous laisseront bouche b\u00e9e. Chaque choix que vous faites ajoute un coup de pinceau unique \u00e0 votre toile de d\u00e9tente, transformant votre s\u00e9jour en une symphonie inoubliable de confort et d'\u00e9merveillement.<\/span><\/p>\n<p><span style=\"font-family: terminal, monaco; font-size: 16px; color: #7a7a7a;\">J'ai pris l'habitude de r\u00e9server mon h\u00e9bergement sur bookings.com, en jouant intelligemment avec l'option \"annulation gratuite\". La flexibilit\u00e9 est essentielle, car qui sait si une aventure peut se pr\u00e9senter ou si un joyau cach\u00e9 attend d'\u00eatre d\u00e9couvert. Qu'il s'agisse d'h\u00f4tels confortables ou d'appartements charmants, j'aime les options, afin de m'assurer que mon s\u00e9jour est parfaitement adapt\u00e9 a mes besoins.<\/span><\/p>\n<p><span style=\"font-family: terminal, monaco; font-size: 16px; color: #7a7a7a;\">Avant de vous lancer, voici une r\u00e8gle d'or : prenez le temps de lire les commentaires. Ils sont comme un tr\u00e9sor de sagesse pour les voyageurs, offrant un aper\u00e7u de ce qui les attend. Il s'agit d'un laissez-passer pour les coulisses, qui vous permet d'obtenir des avis honn\u00eates et de faire la diff\u00e9rence entre ce qui est m\u00e9diocre et ce qui est magnifique.<\/span><\/p>\n<\/div><\/div><\/div><\/div><\/div>","protected":false},"excerpt":{"rendered":"<p>Securing Stellar Accommodation Booking ahead isn&#8217;t just about snagging a deal \u2013 it&#8217;s your golden ticket to locking in your&hellip;<\/p>","protected":false},"author":1,"featured_media":0,"parent":0,"menu_order":0,"comment_status":"closed","ping_status":"closed","template":"","meta":{"nf_dc_page":"","om_disable_all_campaigns":false,"footnotes":""},"class_list":["post-1148","page","type-page","status-publish","hentry"],"yoast_head":"<!-- This site is optimized with the Yoast SEO plugin v27.4 - https:\/\/yoast.com\/product\/yoast-seo-wordpress\/ -->\n<title>Accomodations - Out of Office Globetrotting<\/title>\n<meta name=\"robots\" content=\"index, follow, max-snippet:-1, max-image-preview:large, max-video-preview:-1\" \/>\n<link rel=\"canonical\" href=\"https:\/\/outofofficeglobetrotting.com\/fr\/accomodations\/\" \/>\n<meta property=\"og:locale\" content=\"fr_CA\" \/>\n<meta property=\"og:type\" content=\"article\" \/>\n<meta property=\"og:title\" content=\"Accomodations - Out of Office Globetrotting\" \/>\n<meta property=\"og:description\" content=\"Securing Stellar Accommodation Booking ahead isn&#039;t just about snagging a deal \u2013 it&#039;s your golden ticket to locking in your&hellip;\" \/>\n<meta property=\"og:url\" content=\"https:\/\/outofofficeglobetrotting.com\/fr\/accomodations\/\" \/>\n<meta property=\"og:site_name\" content=\"Out of Office Globetrotting\" \/>\n<meta property=\"article:publisher\" content=\"https:\/\/www.facebook.com\/profile.php?id=100047947646621\" \/>\n<meta property=\"article:modified_time\" content=\"2025-04-16T00:07:07+00:00\" \/>\n<meta name=\"twitter:card\" content=\"summary_large_image\" \/>\n<meta name=\"twitter:label1\" content=\"Estimation du temps de lecture\" \/>\n\t<meta name=\"twitter:data1\" content=\"1 minute\" \/>\n<script type=\"application\/ld+json\" class=\"yoast-schema-graph\">{\"@context\":\"https:\\\/\\\/schema.org\",\"@graph\":[{\"@type\":\"WebPage\",\"@id\":\"https:\\\/\\\/outofofficeglobetrotting.com\\\/accomodations\\\/\",\"url\":\"https:\\\/\\\/outofofficeglobetrotting.com\\\/accomodations\\\/\",\"name\":\"Accomodations - Out of Office Globetrotting\",\"isPartOf\":{\"@id\":\"https:\\\/\\\/outofofficeglobetrotting.com\\\/en\\\/#website\"},\"datePublished\":\"2023-08-13T00:13:27+00:00\",\"dateModified\":\"2025-04-16T00:07:07+00:00\",\"breadcrumb\":{\"@id\":\"https:\\\/\\\/outofofficeglobetrotting.com\\\/accomodations\\\/#breadcrumb\"},\"inLanguage\":\"fr-CA\",\"potentialAction\":[{\"@type\":\"ReadAction\",\"target\":[\"https:\\\/\\\/outofofficeglobetrotting.com\\\/accomodations\\\/\"]}]},{\"@type\":\"BreadcrumbList\",\"@id\":\"https:\\\/\\\/outofofficeglobetrotting.com\\\/accomodations\\\/#breadcrumb\",\"itemListElement\":[{\"@type\":\"ListItem\",\"position\":1,\"name\":\"Home\",\"item\":\"https:\\\/\\\/outofofficeglobetrotting.com\\\/\"},{\"@type\":\"ListItem\",\"position\":2,\"name\":\"Accomodations\"}]},{\"@type\":\"WebSite\",\"@id\":\"https:\\\/\\\/outofofficeglobetrotting.com\\\/en\\\/#website\",\"url\":\"https:\\\/\\\/outofofficeglobetrotting.com\\\/en\\\/\",\"name\":\"Out of Office Globetrotting\",\"description\":\"Life won&#039;t wait, work hard, travel harder!\",\"publisher\":{\"@id\":\"https:\\\/\\\/outofofficeglobetrotting.com\\\/en\\\/#organization\"},\"potentialAction\":[{\"@type\":\"SearchAction\",\"target\":{\"@type\":\"EntryPoint\",\"urlTemplate\":\"https:\\\/\\\/outofofficeglobetrotting.com\\\/en\\\/?s={search_term_string}\"},\"query-input\":{\"@type\":\"PropertyValueSpecification\",\"valueRequired\":true,\"valueName\":\"search_term_string\"}}],\"inLanguage\":\"fr-CA\"},{\"@type\":\"Organization\",\"@id\":\"https:\\\/\\\/outofofficeglobetrotting.com\\\/en\\\/#organization\",\"name\":\"Out of Office Globetrotting\",\"url\":\"https:\\\/\\\/outofofficeglobetrotting.com\\\/en\\\/\",\"logo\":{\"@type\":\"ImageObject\",\"inLanguage\":\"fr-CA\",\"@id\":\"https:\\\/\\\/outofofficeglobetrotting.com\\\/en\\\/#\\\/schema\\\/logo\\\/image\\\/\",\"url\":\"https:\\\/\\\/outofofficeglobetrotting.com\\\/wp-content\\\/uploads\\\/2023\\\/08\\\/cropped-cropped-1.png\",\"contentUrl\":\"https:\\\/\\\/outofofficeglobetrotting.com\\\/wp-content\\\/uploads\\\/2023\\\/08\\\/cropped-cropped-1.png\",\"width\":512,\"height\":212,\"caption\":\"Out of Office Globetrotting\"},\"image\":{\"@id\":\"https:\\\/\\\/outofofficeglobetrotting.com\\\/en\\\/#\\\/schema\\\/logo\\\/image\\\/\"},\"sameAs\":[\"https:\\\/\\\/www.facebook.com\\\/profile.php?id=100047947646621\"]}]}<\/script>\n<!-- \/ Yoast SEO plugin. -->","yoast_head_json":{"title":"Accomodations - Out of Office Globetrotting","robots":{"index":"index","follow":"follow","max-snippet":"max-snippet:-1","max-image-preview":"max-image-preview:large","max-video-preview":"max-video-preview:-1"},"canonical":"https:\/\/outofofficeglobetrotting.com\/fr\/accomodations\/","og_locale":"fr_CA","og_type":"article","og_title":"Accomodations - Out of Office Globetrotting","og_description":"Securing Stellar Accommodation Booking ahead isn't just about snagging a deal \u2013 it's your golden ticket to locking in your&hellip;","og_url":"https:\/\/outofofficeglobetrotting.com\/fr\/accomodations\/","og_site_name":"Out of Office Globetrotting","article_publisher":"https:\/\/www.facebook.com\/profile.php?id=100047947646621","article_modified_time":"2025-04-16T00:07:07+00:00","twitter_card":"summary_large_image","twitter_misc":{"Estimation du temps de lecture":"1 minute"},"schema":{"@context":"https:\/\/schema.org","@graph":[{"@type":"WebPage","@id":"https:\/\/outofofficeglobetrotting.com\/accomodations\/","url":"https:\/\/outofofficeglobetrotting.com\/accomodations\/","name":"Accomodations - Out of Office Globetrotting","isPartOf":{"@id":"https:\/\/outofofficeglobetrotting.com\/en\/#website"},"datePublished":"2023-08-13T00:13:27+00:00","dateModified":"2025-04-16T00:07:07+00:00","breadcrumb":{"@id":"https:\/\/outofofficeglobetrotting.com\/accomodations\/#breadcrumb"},"inLanguage":"fr-CA","potentialAction":[{"@type":"ReadAction","target":["https:\/\/outofofficeglobetrotting.com\/accomodations\/"]}]},{"@type":"BreadcrumbList","@id":"https:\/\/outofofficeglobetrotting.com\/accomodations\/#breadcrumb","itemListElement":[{"@type":"ListItem","position":1,"name":"Home","item":"https:\/\/outofofficeglobetrotting.com\/"},{"@type":"ListItem","position":2,"name":"Accomodations"}]},{"@type":"WebSite","@id":"https:\/\/outofofficeglobetrotting.com\/en\/#website","url":"https:\/\/outofofficeglobetrotting.com\/en\/","name":"Le Globetrotter D\u00e9connect\u00e9","description":"La vie n'attend pas, travaillez fort, voyagez plus fort !","publisher":{"@id":"https:\/\/outofofficeglobetrotting.com\/en\/#organization"},"potentialAction":[{"@type":"SearchAction","target":{"@type":"EntryPoint","urlTemplate":"https:\/\/outofofficeglobetrotting.com\/en\/?s={search_term_string}"},"query-input":{"@type":"PropertyValueSpecification","valueRequired":true,"valueName":"search_term_string"}}],"inLanguage":"fr-CA"},{"@type":"Organization","@id":"https:\/\/outofofficeglobetrotting.com\/en\/#organization","name":"Le Globetrotter D\u00e9connect\u00e9","url":"https:\/\/outofofficeglobetrotting.com\/en\/","logo":{"@type":"ImageObject","inLanguage":"fr-CA","@id":"https:\/\/outofofficeglobetrotting.com\/en\/#\/schema\/logo\/image\/","url":"https:\/\/outofofficeglobetrotting.com\/wp-content\/uploads\/2023\/08\/cropped-cropped-1.png","contentUrl":"https:\/\/outofofficeglobetrotting.com\/wp-content\/uploads\/2023\/08\/cropped-cropped-1.png","width":512,"height":212,"caption":"Out of Office Globetrotting"},"image":{"@id":"https:\/\/outofofficeglobetrotting.com\/en\/#\/schema\/logo\/image\/"},"sameAs":["https:\/\/www.facebook.com\/profile.php?id=100047947646621"]}]}},"_links":{"self":[{"href":"https:\/\/outofofficeglobetrotting.com\/fr\/wp-json\/wp\/v2\/pages\/1148","targetHints":{"allow":["GET"]}}],"collection":[{"href":"https:\/\/outofofficeglobetrotting.com\/fr\/wp-json\/wp\/v2\/pages"}],"about":[{"href":"https:\/\/outofofficeglobetrotting.com\/fr\/wp-json\/wp\/v2\/types\/page"}],"author":[{"embeddable":true,"href":"https:\/\/outofofficeglobetrotting.com\/fr\/wp-json\/wp\/v2\/users\/1"}],"replies":[{"embeddable":true,"href":"https:\/\/outofofficeglobetrotting.com\/fr\/wp-json\/wp\/v2\/comments?post=1148"}],"version-history":[{"count":6,"href":"https:\/\/outofofficeglobetrotting.com\/fr\/wp-json\/wp\/v2\/pages\/1148\/revisions"}],"predecessor-version":[{"id":1477,"href":"https:\/\/outofofficeglobetrotting.com\/fr\/wp-json\/wp\/v2\/pages\/1148\/revisions\/1477"}],"wp:attachment":[{"href":"https:\/\/outofofficeglobetrotting.com\/fr\/wp-json\/wp\/v2\/media?parent=1148"}],"curies":[{"name":"wp","href":"https:\/\/api.w.org\/{rel}","templated":true}]}}